{"id":77,"date":"2018-07-31T14:45:00","date_gmt":"2018-07-31T12:45:00","guid":{"rendered":"http:\/\/grundschule.muenchberg.de\/?page_id=77"},"modified":"2025-09-11T18:28:49","modified_gmt":"2025-09-11T16:28:49","slug":"busplan-schuljahr-2017-18","status":"publish","type":"page","link":"https:\/\/grundschule.muenchberg.de\/index.php\/busplan-schuljahr-2017-18\/","title":{"rendered":"Sch\u00fclerbef\u00f6rderung"},"content":{"rendered":"\n<p><strong><mark style=\"background-color:rgba(0, 0, 0, 0)\" class=\"has-inline-color has-vivid-cyan-blue-color\">BUSPLAN<\/mark><\/strong><\/p>\n\n\n\n<p>Den aktuellen Busplan g\u00fcltig ab 16. September 2025 finden Sie <a href=\"https:\/\/grundschule.muenchberg.de\/wp-content\/uploads\/2025\/09\/Frueh-Fahrplan-2025_2026.pdf\">hier.<\/a><\/p>\n\n\n\n<p><mark style=\"background-color:rgba(0, 0, 0, 0)\" class=\"has-inline-color has-vivid-cyan-blue-color\"><strong>Informationen der Stadt zur Sch\u00fclerbef\u00f6rderung<\/strong><\/mark><\/p>\n\n\n\n<p><a href=\"https:\/\/grundschule.muenchberg.de\/wp-content\/uploads\/2023\/11\/Informationen-der-Stadt-Muenchberg-zur-Schuelerbefoerderung-11-23.pdf\">Hier<\/a> finden Sie ein Informationsschreiben der Stadt zur Sch\u00fclerbef\u00f6rderung.<\/p>\n","protected":false},"excerpt":{"rendered":"<p>BUSPLAN Den aktuellen Busplan g\u00fcltig ab 16. September 2025 finden Sie hier. Informationen der Stadt zur Sch\u00fclerbef\u00f6rderung Hier finden Sie ein Informationsschreiben der Stadt zur Sch\u00fclerbef\u00f6rderung.<\/p>\n","protected":false},"author":1,"featured_media":0,"parent":0,"menu_order":0,"comment_status":"closed","ping_status":"closed","template":"","meta":[],"_links":{"self":[{"href":"https:\/\/grundschule.muenchberg.de\/index.php\/wp-json\/wp\/v2\/pages\/77"}],"collection":[{"href":"https:\/\/grundschule.muenchberg.de\/index.php\/wp-json\/wp\/v2\/pages"}],"about":[{"href":"https:\/\/grundschule.muenchberg.de\/index.php\/wp-json\/wp\/v2\/types\/page"}],"author":[{"embeddable":true,"href":"https:\/\/grundschule.muenchberg.de\/index.php\/wp-json\/wp\/v2\/users\/1"}],"replies":[{"embeddable":true,"href":"https:\/\/grundschule.muenchberg.de\/index.php\/wp-json\/wp\/v2\/comments?post=77"}],"version-history":[{"count":37,"href":"https:\/\/grundschule.muenchberg.de\/index.php\/wp-json\/wp\/v2\/pages\/77\/revisions"}],"predecessor-version":[{"id":2040,"href":"https:\/\/grundschule.muenchberg.de\/index.php\/wp-json\/wp\/v2\/pages\/77\/revisions\/2040"}],"wp:attachment":[{"href":"https:\/\/grundschule.muenchberg.de\/index.php\/wp-json\/wp\/v2\/media?parent=77"}],"curies":[{"name":"wp","href":"https:\/\/api.w.org\/{rel}","templated":true}]}}