{"id":463,"date":"2019-11-20T19:03:19","date_gmt":"2019-11-20T18:03:19","guid":{"rendered":"https:\/\/grundschule.muenchberg.de\/?page_id=463"},"modified":"2019-11-20T19:03:31","modified_gmt":"2019-11-20T18:03:31","slug":"broschueren","status":"publish","type":"page","link":"https:\/\/grundschule.muenchberg.de\/index.php\/broschueren\/","title":{"rendered":"Brosch\u00fcren"},"content":{"rendered":"\n<p><a href=\"https:\/\/grundschule.muenchberg.de\/wp-content\/uploads\/2018\/10\/Tipps-f\u00fcr-eine-erfolgreiche-Grundschulzeit.pdf\" target=\"_blank\" rel=\"noreferrer noopener\">Tipps f\u00fcr eine erfolgreiche Grundschulzeit<\/a><\/p>\n\n\n\n<p><a href=\"https:\/\/grundschule.muenchberg.de\/wp-content\/uploads\/2018\/10\/Mit-den-richtigen-Strategien-gelingt-das-Lernen.pdf\" target=\"_blank\" rel=\"noreferrer noopener\">Mit den richtigen Strategien gelingt das Lernen<\/a><\/p>\n\n\n\n<p><a href=\"https:\/\/grundschule.muenchberg.de\/wp-content\/uploads\/2018\/10\/Informationen-f\u00fcr-Eltern-zuk\u00fcnftiger-Schulanf\u00e4nger.pdf\" target=\"_blank\" rel=\"noreferrer noopener\">Informationen f\u00fcr Eltern zuk\u00fcnftiger Schulanf\u00e4nger<\/a><\/p>\n","protected":false},"excerpt":{"rendered":"<p>Tipps f\u00fcr eine erfolgreiche Grundschulzeit Mit den richtigen Strategien gelingt das Lernen Informationen f\u00fcr Eltern zuk\u00fcnftiger Schulanf\u00e4nger<\/p>\n","protected":false},"author":4,"featured_media":0,"parent":0,"menu_order":0,"comment_status":"closed","ping_status":"closed","template":"","meta":[],"_links":{"self":[{"href":"https:\/\/grundschule.muenchberg.de\/index.php\/wp-json\/wp\/v2\/pages\/463"}],"collection":[{"href":"https:\/\/grundschule.muenchberg.de\/index.php\/wp-json\/wp\/v2\/pages"}],"about":[{"href":"https:\/\/grundschule.muenchberg.de\/index.php\/wp-json\/wp\/v2\/types\/page"}],"author":[{"embeddable":true,"href":"https:\/\/grundschule.muenchberg.de\/index.php\/wp-json\/wp\/v2\/users\/4"}],"replies":[{"embeddable":true,"href":"https:\/\/grundschule.muenchberg.de\/index.php\/wp-json\/wp\/v2\/comments?post=463"}],"version-history":[{"count":2,"href":"https:\/\/grundschule.muenchberg.de\/index.php\/wp-json\/wp\/v2\/pages\/463\/revisions"}],"predecessor-version":[{"id":465,"href":"https:\/\/grundschule.muenchberg.de\/index.php\/wp-json\/wp\/v2\/pages\/463\/revisions\/465"}],"wp:attachment":[{"href":"https:\/\/grundschule.muenchberg.de\/index.php\/wp-json\/wp\/v2\/media?parent=463"}],"curies":[{"name":"wp","href":"https:\/\/api.w.org\/{rel}","templated":true}]}}