{"id":1146,"date":"2020-10-16T20:20:39","date_gmt":"2020-10-16T18:20:39","guid":{"rendered":"https:\/\/grundschule.muenchberg.de\/?page_id=1146"},"modified":"2021-01-12T12:01:06","modified_gmt":"2021-01-12T11:01:06","slug":"bayerisches-schulsystem-und-uebertritt","status":"publish","type":"page","link":"https:\/\/grundschule.muenchberg.de\/index.php\/bayerisches-schulsystem-und-uebertritt\/","title":{"rendered":"Bayerisches Schulsystem und \u00dcbertritt"},"content":{"rendered":"\n<p><a href=\"https:\/\/grundschule.muenchberg.de\/wp-content\/uploads\/2021\/01\/Begleitschreiben_Anmeldebogen_Original.pdf\">HIER<\/a> finden Sie das Begleitschreiben zum zus\u00e4tzlichen Beratungsgespr\u00e4ch.<\/p>\n\n\n\n<p><a href=\"https:\/\/grundschule.muenchberg.de\/wp-content\/uploads\/2021\/01\/Anmeldung_Beratungsgespraech_-GSM-versendet-12.01.2021.pdf\">HIER<\/a> finden Sie den Anmeldebogen f\u00fcr ein zus\u00e4tzliches Beratungsgespr\u00e4ch (12.01.2021)<\/p>\n\n\n\n<p><a href=\"https:\/\/grundschule.muenchberg.de\/wp-content\/uploads\/2020\/10\/Links-zum-bay-Schulsystem-und-Uebertitt.pdf\">HIER<\/a> finden Sie Links zum Bayerischen Schulsystem und zum \u00dcbertritt<\/p>\n\n\n\n<p>Brosch\u00fcre <a href=\"https:\/\/grundschule.muenchberg.de\/wp-content\/uploads\/2020\/10\/Das-bayerische-Schulsystem-Stand-Januar-2020.pdf\">&#8222;Das Bayerische Schulsystem&#8220;<\/a><\/p>\n\n\n\n<p>Brosch\u00fcre <a href=\"https:\/\/grundschule.muenchberg.de\/wp-content\/uploads\/2020\/10\/STMUK_Der-beste-Bildungsweg_2020_Web_BF.pdf\">&#8222;Der beste Bildungsweg f\u00fcr mein Kind&#8220;<\/a><\/p>\n\n\n\n<p>Brosch\u00fcre <a href=\"https:\/\/grundschule.muenchberg.de\/wp-content\/uploads\/2020\/10\/STMUK_DieMittelschule_2019_Web_BF.pdf\">&#8222;Die Mittelschule&#8220;<\/a><\/p>\n\n\n\n<p>Brosch\u00fcre<a href=\"https:\/\/grundschule.muenchberg.de\/wp-content\/uploads\/2020\/10\/STMUK_DieRealschule_2019_Web_BF.pdf\"> &#8222;Die Realschule&#8220;<\/a><\/p>\n\n\n\n<p>Brosch\u00fcre <a href=\"https:\/\/grundschule.muenchberg.de\/wp-content\/uploads\/2020\/10\/stmuk_wirtschaftsschule_dinlang_2018_ansicht.pdf\">&#8222;Die Wirtschaftsschule&#8220;<\/a><\/p>\n\n\n\n<p>Brosch\u00fcre <a href=\"https:\/\/grundschule.muenchberg.de\/wp-content\/uploads\/2020\/10\/STMUK-Das-bayerische-Gymnasium-2018_Ansichts-1-1.pdf\">&#8222;Das Gymnasium&#8220;<\/a><\/p>\n\n\n\n<p><a rel=\"noreferrer noopener\" href=\"https:\/\/grundschule.muenchberg.de\/wp-content\/uploads\/2020\/10\/Uebertrittsberater.pdf\" target=\"_blank\">HIER<\/a> finden Sie die Namen der \u00dcbertrittsberater.<\/p>\n\n\n\n<p><\/p>\n","protected":false},"excerpt":{"rendered":"<p>HIER finden Sie das Begleitschreiben zum zus\u00e4tzlichen Beratungsgespr\u00e4ch. HIER finden Sie den Anmeldebogen f\u00fcr ein zus\u00e4tzliches Beratungsgespr\u00e4ch (12.01.2021) HIER finden Sie Links zum Bayerischen Schulsystem und zum \u00dcbertritt Brosch\u00fcre &#8222;Das Bayerische Schulsystem&#8220; Brosch\u00fcre &#8222;Der beste Bildungsweg f\u00fcr mein Kind&#8220; Brosch\u00fcre &#8222;Die Mittelschule&#8220; Brosch\u00fcre &#8222;Die Realschule&#8220; Brosch\u00fcre &#8222;Die Wirtschaftsschule&#8220; Brosch\u00fcre &#8222;Das Gymnasium&#8220; HIER finden Sie die Namen der \u00dcbertrittsberater.<\/p>\n","protected":false},"author":4,"featured_media":0,"parent":0,"menu_order":0,"comment_status":"closed","ping_status":"closed","template":"","meta":[],"_links":{"self":[{"href":"https:\/\/grundschule.muenchberg.de\/index.php\/wp-json\/wp\/v2\/pages\/1146"}],"collection":[{"href":"https:\/\/grundschule.muenchberg.de\/index.php\/wp-json\/wp\/v2\/pages"}],"about":[{"href":"https:\/\/grundschule.muenchberg.de\/index.php\/wp-json\/wp\/v2\/types\/page"}],"author":[{"embeddable":true,"href":"https:\/\/grundschule.muenchberg.de\/index.php\/wp-json\/wp\/v2\/users\/4"}],"replies":[{"embeddable":true,"href":"https:\/\/grundschule.muenchberg.de\/index.php\/wp-json\/wp\/v2\/comments?post=1146"}],"version-history":[{"count":14,"href":"https:\/\/grundschule.muenchberg.de\/index.php\/wp-json\/wp\/v2\/pages\/1146\/revisions"}],"predecessor-version":[{"id":1294,"href":"https:\/\/grundschule.muenchberg.de\/index.php\/wp-json\/wp\/v2\/pages\/1146\/revisions\/1294"}],"wp:attachment":[{"href":"https:\/\/grundschule.muenchberg.de\/index.php\/wp-json\/wp\/v2\/media?parent=1146"}],"curies":[{"name":"wp","href":"https:\/\/api.w.org\/{rel}","templated":true}]}}